{"id":5133,"date":"2025-06-02T08:16:09","date_gmt":"2025-06-02T06:16:09","guid":{"rendered":"https:\/\/castellsantmori.com\/politica-de-privacitat\/"},"modified":"2025-08-01T12:30:47","modified_gmt":"2025-08-01T10:30:47","slug":"politica-de-privacitat","status":"publish","type":"page","link":"https:\/\/castellsantmori.com\/ca\/politica-de-privacitat\/","title":{"rendered":"Pol\u00edtica de privacitat"},"content":{"rendered":"\n<div style=\"height:150px\" aria-hidden=\"true\" class=\"wp-block-spacer\"><\/div>\n\n<h2 class=\"wp-block-heading\">Pol\u00edtica de privacitat<\/h2>\n\n<p>El nostre objectiu \u00e9s ser tan transparents com sigui possible amb els nostres usuaris i clients sobre les dades personals que recopilem. La seva privacitat \u00e9s important per a nosaltres. <br\/>Mitjan\u00e7ant la lectura de la present Pol\u00edtica de privacitat, l\u2019usuari queda informat sobre la manera en qu\u00e8 CASTELL SANT MORI recopila, tracta i protegeix les dades de car\u00e0cter personal que li s\u00f3n facilitades a trav\u00e9s del lloc web <a class=\"\" href=\"https:\/\/castellsantmori.com\/\">https:\/\/castellsantmori.com\/<\/a> (en endavant, el lloc web), aix\u00ed com qualsevol altra dada que pugui facilitar en un futur a CASTELL SANT MORI per altres mitjans.<br\/>L\u2019usuari ha de llegir atentament aquesta Pol\u00edtica de privacitat, que ha estat redactada de manera clara i senzilla per facilitar-ne la comprensi\u00f3, i determinar lliurement i volunt\u00e0riament si desitja facilitar les seves dades personals a CASTELL SANT MORI.<br\/>En omplir qualsevol formulari i fer clic a la casella \u00abHe llegit la pol\u00edtica de privacitat\u00bb o similar, l\u2019usuari manifesta expressament que ha llegit la present pol\u00edtica de privacitat, on s\u2019indiquen els tractaments de dades que es realitzen i les seves finalitats, entre altres informacions, complint aix\u00ed amb el deure d\u2019informar establert per la normativa de Protecci\u00f3 de Dades.<br\/>En aquells casos en qu\u00e8 al lloc web corporatiu es sol\u00b7liciti el consentiment per a una finalitat concreta, en fer clic a la casella \u201cAccepto\u201d o similar, o marcar la casella de selecci\u00f3 (check box), l\u2019usuari d\u00f3na el seu consentiment inequ\u00edvoc i expr\u00e9s per al tractament en q\u00fcesti\u00f3.<\/p>\n\n<p><strong>Qui \u00e9s el responsable del tractament de les seves dades?<\/strong><br\/>\u2022 Identitat: Sector Loan Properties, S.L. \u2013 NIF: B60556925<br\/>\u2022 Adre\u00e7a: c\/Figueres 5-7, Sant Mori, 17467<br\/>\u2022 Tel\u00e8fon: 699245520<br\/>\u2022 Correu electr\u00f2nic: <a>info@castellsantmori.com<\/a><\/p>\n\n<p><strong>Tractament de DADES recollides mitjan\u00e7ant el WEB<\/strong><br\/><strong>Amb quina finalitat tractem les seves dades personals?<\/strong><br\/>A CASTELL SANT MORI, tractem la informaci\u00f3 que ens faciliten les persones interessades amb la finalitat d\u2019atendre la seva sol\u00b7licitud i, si escau, enviar-li informaci\u00f3 sobre els nostres productes o serveis, aix\u00ed com els nostres butlletins informatius.No es prendran decisions automatitzades basades en les dades facilitades.<\/p>\n\n<p><strong>Durant quant de temps conservarem les seves dades?<\/strong><br\/>Les dades es conservaran mentre l\u2019interessat no en sol\u00b7liciti la supressi\u00f3 o mentre duri la relaci\u00f3 comercial, sempre respectant els terminis de prescripci\u00f3 de responsabilitats.<\/p>\n\n<p><strong>Quina \u00e9s la legitimaci\u00f3 per al tractament de les seves dades?<\/strong><br\/>Consentiment de l\u2019interessat (marcant la casella de selecci\u00f3): Atendre la seva sol\u00b7licitud i, si escau, enviar-li informaci\u00f3 sobre els nostres productes o serveis, aix\u00ed com els nostres butlletins.<\/p>\n\n<p><strong>A quins destinataris es comunicaran les seves dades?<\/strong><br\/>No es cediran dades a tercers, excepte obligaci\u00f3 legal.<\/p>\n\n<p><strong>Es preveuen transfer\u00e8ncies internacionals de dades?<\/strong><br\/>No es preveuen transfer\u00e8ncies de dades a tercers pa\u00efsos.<\/p>\n\n<p><strong>Com hem obtingut les seves dades?<\/strong><br\/>Les dades personals que tractem a CASTELL SANT MORI provenen del propi interessat o del seu representant legal.<\/p>\n\n<p><strong>Tractament de DADES per a la SELECCI\u00d3 DE PERSONAL<\/strong><br\/><strong>Amb quina finalitat tractem les seves dades personals?<\/strong><br\/>A CASTELL SANT MORI, tractem la informaci\u00f3 que ens faciliten les persones interessades amb la finalitat de dur a terme els processos de selecci\u00f3 de personal.<br\/>Es prendran decisions automatitzades en base a les dades proporcionades?<br\/>No es prendran decisions automatitzades basades en les dades facilitades.<\/p>\n\n<p><strong>Durant quant de temps conservarem les seves dades?<\/strong><br\/>Es conservaran durant dos anys, llevat que l\u2019interessat retiri el seu consentiment abans del termini m\u00e0xim de conservaci\u00f3.<\/p>\n\n<p><strong>Quina \u00e9s la legitimaci\u00f3 per al tractament de les seves dades?<\/strong><br\/>Consentiment de l\u2019interessat: Participar en els processos de selecci\u00f3 de personal.<\/p>\n\n<p><strong>A quins destinataris es comunicaran les seves dades?<\/strong><br\/>No es cediran dades a tercers, excepte obligaci\u00f3 legal.<\/p>\n\n<p><strong>Es preveuen transfer\u00e8ncies internacionals de dades?<\/strong><br\/>No es preveuen transfer\u00e8ncies de dades a tercers pa\u00efsos.<\/p>\n\n<p><strong>Com hem obtingut les seves dades?<\/strong><br\/>Les dades personals que tractem a CASTELL SANT MORI provenen del propi interessat o del seu representant legal.<\/p>\n\n<p><strong>Les categories de dades que es tracten s\u00f3n:<\/strong><br\/>\u2022 Dades identificatives<br\/>\u2022 Adreces postals i electr\u00f2niques<br\/>\u2022 Dades professionals i acad\u00e8miques<\/p>\n\n<p><strong>Tractament de l\u2019\u00daS DE LA IMATGE<\/strong><br\/><strong>Amb quina finalitat tractem les seves dades personals?<\/strong><br\/>A CASTELL SANT MORI, tractem les dades obtingudes (imatge i, si escau, veu), amb la finalitat de publicar aquestes imatges a webs o xarxes socials, aix\u00ed com en altres suports de difusi\u00f3, com revistes, publicacions, etc., per realitzar accions publicit\u00e0ries o de difusi\u00f3 de les nostres activitats.No es prendran decisions automatitzades basades en les dades facilitades.<\/p>\n\n<p><strong>Durant quant de temps conservarem les seves dades?<\/strong><br\/>Des del moment en qu\u00e8 l\u2019usuari presta el seu consentiment fins que el retiri.<\/p>\n\n<p><strong>Quina \u00e9s la legitimaci\u00f3 per al tractament de les seves dades?<\/strong><br\/>Consentiment de l\u2019interessat: \u00das de fotografies i, si escau, v\u00eddeos on aparegui la imatge de l\u2019interessat.<br\/>Aix\u00ed mateix, s\u2019informa que en donar el consentiment, les imatges poden ser publicades al web de l\u2019empresa, xarxes socials i qualsevol altre suport que l\u2019empresa consideri oport\u00fa per donar publicitat a les seves activitats, esdeveniments i serveis.<\/p>\n\n<p><strong>A quins destinataris es comunicaran les seves dades?<\/strong><br\/>Es publicaran al web de l\u2019empresa i\/o xarxes socials.<\/p>\n\n<p><strong>Es preveuen transfer\u00e8ncies internacionals de dades?<\/strong><br\/>L\u2019\u00fas d\u2019imatges en xarxes socials pot implicar transfer\u00e8ncies internacionals de dades.<\/p>\n\n<p><strong>Tractament de DADES DE CLIENTS<\/strong><br\/><strong>Amb quina finalitat tractem les seves dades personals?<\/strong><br\/>Tractament de DADES DE CLIENTS<br\/>Amb quina finalitat tractem les seves dades personals?<br\/>A CASTELL SANT MORI, tractem la informaci\u00f3 que ens faciliten les persones interessades amb la finalitat principal de prestar-li els serveis sol\u00b7licitats, aix\u00ed com realitzar la gesti\u00f3 administrativa, comptable i fiscal derivada d\u2019aquests serveis o de la venda de productes i, si escau, per enviar comunicacions comercials sobre els nostres productes i serveis.No es prendran decisions automatitzades basades en les dades facilitades.<\/p>\n\n<p><strong>Durant quant de temps conservarem les seves dades?<\/strong><br\/>Les dades es conservaran mentre l\u2019interessat no en sol\u00b7liciti la supressi\u00f3, i, si escau, durant els anys necessaris per complir amb les obligacions legals.<\/p>\n\n<p><strong>Quina \u00e9s la legitimaci\u00f3 per al tractament de les seves dades?<\/strong>Li indiquem la base legal per al tractament:<br\/>Execuci\u00f3 d\u2019un contracte: Prestar els serveis sol\u00b7licitats<br\/>Obligaci\u00f3 legal: Realitzar la gesti\u00f3 administrativa, comptable i fiscal dels serveis sol\u00b7licitats<br\/>Inter\u00e8s leg\u00edtim del responsable: Enviar comunicacions comercials sobre els nostres productes i serveis<\/p>\n\n<p><strong>A quins destinataris es comunicaran les seves dades?<\/strong>Les dades es comunicaran als seg\u00fcents destinataris:<br\/>Ag\u00e8ncia Tribut\u00e0ria, amb la finalitat de complir amb les obligacions legals (requisit legal) <br\/>Entitats financeres, amb la finalitat de girar els rebuts corresponents, si escau (requisit contractual) <\/p>\n\n<p><strong>Es preveuen transfer\u00e8ncies internacionals de dades?<\/strong><br\/>No es preveuen transfer\u00e8ncies de dades a tercers pa\u00efsos.<\/p>\n\n<p><strong>Com hem obtingut les seves dades?<\/strong><br\/>Les dades personals que tractem a CASTELL SANT MORI provenen del propi interessat o del seu representant legal.<\/p>\n\n<p><strong>Les categories de dades que es tracten s\u00f3n:<\/strong><br\/>\u2022 Dades identificatives<br\/>\u2022 Adreces postals i electr\u00f2niques<br\/>\u2022 Informaci\u00f3 comercial<br\/>\u2022 Informaci\u00f3 banc\u00e0ria, si escau<\/p>\n\n<p><strong>Tractament de DADES PER A PUBLICITAT<\/strong><br\/><strong>Amb quina finalitat tractem les seves dades personals?<\/strong>A CASTELL SANT MORI, tractem la informaci\u00f3 que ens faciliten les persones interessades amb la finalitat de gestionar l\u2019enviament de comunicacions comercials sobre els nostres productes i\/o serveis a trav\u00e9s de mitjans electr\u00f2nics (correu electr\u00f2nic, WhatsApp, SMS\u2026).<br\/>No es prendran decisions automatitzades basades en les dades facilitades.<\/p>\n\n<p><strong>Durant quant de temps conservarem les seves dades?<\/strong><br\/>Des del moment en qu\u00e8 l\u2019usuari presta el seu consentiment fins que el retiri.<\/p>\n\n<p><strong>Quina \u00e9s la legitimaci\u00f3 per al tractament de les seves dades?<\/strong><br\/>Consentiment de l\u2019interessat (mitjan\u00e7ant la signatura del document, marcar o fer clic a la casella de selecci\u00f3 o qualsevol altre mitj\u00e0 v\u00e0lid): per a l\u2019enviament de comunicacions comercials.<\/p>\n\n<p><strong>A quins destinataris es comunicaran les seves dades?<\/strong><br\/>Plataformes d\u2019enviament de publicitat mitjan\u00e7ant mitjans electr\u00f2nics, amb la finalitat de realitzar l\u2019enviament amb garanties i obtenir dades estad\u00edstiques.<\/p>\n\n<p><strong>Es preveuen transfer\u00e8ncies internacionals de dades?<\/strong><br\/>No es preveuen transfer\u00e8ncies de dades a tercers pa\u00efsos.<\/p>\n\n<p><strong>Com hem obtingut les seves dades?<\/strong><br\/>Les dades personals que tractem a CASTELL SANT MORI provenen del propi interessat o del seu representant legal.<\/p>\n\n<p><strong>Les categories de dades que es tracten s\u00f3n:<\/strong><br\/>\u2022 Adreces postals i electr\u00f2niques<br\/>\u2022 Informaci\u00f3 comercial<\/p>\n\n<p><strong>Tractament de dades de VIDEOVIGIL\u00c0NCIA<\/strong><br\/><strong>Informaci\u00f3 b\u00e0sica sobre Protecci\u00f3 de Dades<\/strong><br\/>Responsable: CASTELL SANT MORI<br\/>Finalitat: Garantir la seguretat de persones, b\u00e9ns i instal\u00b7lacions<br\/>Legitimaci\u00f3: Missi\u00f3 d\u2019inter\u00e8s p\u00fablic<br\/>Destinataris: Est\u00e0 prevista la cessi\u00f3 de dades a les Forces i Cossos de Seguretat de l\u2019Estat, aix\u00ed com als Jutjats i Tribunals, si escau<br\/>Drets: T\u00e9 dret a accedir, rectificar i suprimir les seves dades, aix\u00ed com altres drets indicats en la informaci\u00f3 addicional, que pot exercir adre\u00e7ant-se a la direcci\u00f3 del responsable del tractament<\/p>\n\n<p><strong>Informaci\u00f3 completa sobre Protecci\u00f3 de Dades<\/strong><br\/><strong>Amb quina finalitat tractem les seves dades personals?<\/strong><br\/>A CASTELL SANT MORI, tractem la informaci\u00f3 que ens faciliten les persones interessades amb la finalitat de garantir la seguretat de persones, b\u00e9ns i instal\u00b7lacions.<br\/>Es prendran decisions automatitzades en base a les dades proporcionades?<br\/>No es prendran decisions automatitzades basades en les dades facilitades.<\/p>\n\n<p><strong>Durant quant de temps conservarem les seves dades?<\/strong><br\/>Les dades es conservaran un m\u00e0xim de 30 dies, llevat que es comuniquin a les Forces i Cossos de Seguretat o als Jutjats i Tribunals.<\/p>\n\n<p><strong>Quina \u00e9s la legitimaci\u00f3 per al tractament de les seves dades?<\/strong><br\/>Missi\u00f3 d\u2019inter\u00e8s p\u00fablic: Garantir la seguretat de persones, b\u00e9ns i instal\u00b7lacions.<\/p>\n\n<p><strong>A quins destinataris es comunicaran les seves dades?<\/strong><br\/>Si escau, a les Forces i Cossos de Seguretat de l\u2019Estat, aix\u00ed com als Jutjats i Tribunals, amb la finalitat d\u2019aportar imatges si s\u2019ha com\u00e8s un delicte o infracci\u00f3.<\/p>\n\n<p><strong>Es preveuen transfer\u00e8ncies internacionals de dades?<\/strong><br\/>No es preveuen transfer\u00e8ncies de dades a tercers pa\u00efsos.<\/p>\n\n<p><strong>Quines categories de dades personals tractem?<\/strong><br\/>Imatge<\/p>\n\n<hr class=\"wp-block-separator has-alpha-channel-opacity\"\/>\n\n<h3 class=\"wp-block-heading\">DRETS DE LA PERSONA INTERESSADA<\/h3>\n\n<p><strong>Quins s\u00f3n els seus drets quan ens facilita les seves dades?<\/strong><br\/>Tota persona t\u00e9 dret a obtenir confirmaci\u00f3 sobre si a CASTELL SANT MORI estem tractant dades personals que la concerneixen, o no.<br\/>Les persones interessades tenen dret a accedir (art. 15 RGPD) a les seves dades personals, aix\u00ed com a sol\u00b7licitar-ne la rectificaci\u00f3 (art. 16 RGPD) de les dades inexactes o, si escau, a sol\u00b7licitar-ne la supressi\u00f3 (art. 17 RGPD) quan, entre altres motius, les dades ja no siguin necess\u00e0ries per a les finalitats per a les quals van ser recollides.<br\/>En determinades circumst\u00e0ncies, els interessats podran sol\u00b7licitar la limitaci\u00f3 (art. 18 RGPD) del tractament de les seves dades, cas en qu\u00e8 nom\u00e9s les conservarem per a l\u2019exercici o la defensa de reclamacions.<br\/>En determinades circumst\u00e0ncies i per motius relacionats amb la seva situaci\u00f3 particular, els interessats podran oposar-se al tractament (art. 21 RGPD) de les seves dades. En aquest cas, CASTELL SANT MORI deixar\u00e0 de tractar les dades, excepte per motius leg\u00edtims imperiosos o per a l\u2019exercici o la defensa de possibles reclamacions.<br\/>Tamb\u00e9 t\u00e9 dret a sol\u00b7licitar la portabilitat (art. 20 RGPD) de les seves dades personals, \u00e9s a dir, a rebre les dades que ens hagi facilitat en un format estructurat, d\u2019\u00fas com\u00fa i de lectura mec\u00e0nica, i a transmetre-les directament a un altre responsable, sempre que sigui t\u00e8cnicament possible.<br\/>Si ha atorgat el seu consentiment per a una finalitat concreta, t\u00e9 dret a retirar-lo (art. 7 RGPD) en qualsevol moment, sense que aix\u00f2 afecti la licitud del tractament basat en el consentiment previ a la seva retirada.<br\/>Pot exercir els seus drets adre\u00e7ant-se al responsable per correu postal o electr\u00f2nic, enviant la sol\u00b7licitud corresponent. Els formularis estan disponibles al web de l\u2019Ag\u00e8ncia Espanyola de Protecci\u00f3 de Dades:   <br\/><a class=\"\" href=\"https:\/\/www.aepd.es\/reglamento\/derechos\/index.html#anchor\" rel=\"nofollow noopener\" target=\"_blank\">https:\/\/www.aepd.es\/reglamento\/derechos\/index.html#anchor<\/a><br\/><br\/>Si considera que els seus drets han estat vulnerats, especialment si no ha obtingut satisfacci\u00f3 en l\u2019exercici dels mateixos, pot presentar una reclamaci\u00f3 davant l\u2019Autoritat de Control a trav\u00e9s de la seu electr\u00f2nica de l\u2019Ag\u00e8ncia Espanyola de Protecci\u00f3 de Dades:<br\/><a class=\"\" href=\"https:\/\/sedeagpd.gob.es\/sede-electronica-web\/vistas\/infoSede\/canalesAcceso.jsf\" rel=\"nofollow noopener\" target=\"_blank\">https:\/\/sedeagpd.gob.es\/sede-electronica-web\/vistas\/infoSede\/canalesAcceso.jsf<\/a><\/p>\n\n<hr class=\"wp-block-separator has-alpha-channel-opacity\"\/>\n\n<h3 class=\"wp-block-heading\">OBLIGATORIETAT DE FACILITAR LES DADES<\/h3>\n\n<p>Les dades sol\u00b7licitades en els formularis accessibles des del lloc web de CASTELL SANT MORI i, en general, les que sol\u00b7liciti l\u2019empresa per a la prestaci\u00f3 del servei\/venda de producte, s\u00f3n amb car\u00e0cter general obligat\u00f2ries (llevat que s\u2019indiqui el contrari) per complir amb les finalitats establertes. Per tant, si no es faciliten o no es faciliten correctament, \u00e9s possible que no es puguin atendre adequadament les sol\u00b7licituds.<br\/>En cas que l\u2019interessat faciliti dades de tercers, manifesta disposar del seu consentiment i es compromet a informar-los del contingut d\u2019aquesta Pol\u00edtica de Privacitat, eximint CASTELL SANT MORI de qualsevol responsabilitat en aquest sentit. <\/p>\n\n<hr class=\"wp-block-separator has-alpha-channel-opacity\"\/>\n\n<h3 class=\"wp-block-heading\">MESURES DE SEGURETAT<\/h3>\n\n<p>Les dades personals seran tractades de manera l\u00edcita, lleial i transparent amb relaci\u00f3 a l\u2019interessat (\u00ablicitud, lleialtat i transpar\u00e8ncia\u00bb); recollides amb finalitats determinades, expl\u00edcites i leg\u00edtimes, i no seran tractades ulteriorment de manera incompatible amb aquestes finalitats; adequades, pertinents i limitades al necessari en relaci\u00f3 amb les finalitats per a les quals es tracten; conservades de manera que permeti la identificaci\u00f3 dels interessats durant no m\u00e9s temps del necessari (respectant els terminis de prescripci\u00f3); i tractades de manera que es garanteixi una seguretat adequada, inclosa la protecci\u00f3 contra el tractament no autoritzat o il\u00b7l\u00edcit i contra la p\u00e8rdua, destrucci\u00f3 o dany accidental, mitjan\u00e7ant l\u2019aplicaci\u00f3 de mesures t\u00e8cniques o organitzatives apropiades (\u00abintegritat i confidencialitat\u00bb).<br\/>Apliquem criteris estrictes per a la selecci\u00f3 de prove\u00efdors amb acc\u00e9s a dades personals, per garantir el compliment de la normativa de protecci\u00f3 de dades, i formalitzem amb ells el corresponent contracte d\u2019encarregat del tractament (art. 28 RGPD), imposant, entre altres, les seg\u00fcents obligacions: aplicar mesures t\u00e8cniques i organitzatives apropiades; tractar les dades seguint les nostres instruccions; i suprimir o retornar les dades un cop finalitzat el servei.<\/p>\n\n<p><\/p>\n","protected":false},"excerpt":{"rendered":"<p>Pol\u00edtica de privacitat El nostre objectiu \u00e9s ser tan transparents com sigui possible amb els nostres usuaris i clients sobre [&hellip;]<\/p>\n","protected":false},"author":1,"featured_media":0,"parent":0,"menu_order":0,"comment_status":"closed","ping_status":"open","template":"","meta":{"inline_featured_image":false,"site-sidebar-layout":"default","site-content-layout":"","ast-site-content-layout":"","site-content-style":"default","site-sidebar-style":"default","ast-global-header-display":"","ast-banner-title-visibility":"","ast-main-header-display":"","ast-hfb-above-header-display":"","ast-hfb-below-header-display":"","ast-hfb-mobile-header-display":"","site-post-title":"disabled","ast-breadcrumbs-content":"","ast-featured-img":"","footer-sml-layout":"","ast-disable-related-posts":"","theme-transparent-header-meta":"","adv-header-id-meta":"","stick-header-meta":"","header-above-stick-meta":"","header-main-stick-meta":"","header-below-stick-meta":"","astra-migrate-meta-layouts":"default","ast-page-background-enabled":"default","ast-page-background-meta":{"desktop":{"background-color":"var(--ast-global-color-5)","background-image":"","background-repeat":"repeat","background-position":"center center","background-size":"auto","background-attachment":"scroll","background-type":"","background-media":"","overlay-type":"","overlay-color":"","overlay-opacity":"","overlay-gradient":""},"tablet":{"background-color":"","background-image":"","background-repeat":"repeat","background-position":"center center","background-size":"auto","background-attachment":"scroll","background-type":"","background-media":"","overlay-type":"","overlay-color":"","overlay-opacity":"","overlay-gradient":""},"mobile":{"background-color":"","background-image":"","background-repeat":"repeat","background-position":"center center","background-size":"auto","background-attachment":"scroll","background-type":"","background-media":"","overlay-type":"","overlay-color":"","overlay-opacity":"","overlay-gradient":""}},"ast-content-background-meta":{"desktop":{"background-color":"var(--ast-global-color-4)","background-image":"","background-repeat":"repeat","background-position":"center center","background-size":"auto","background-attachment":"scroll","background-type":"","background-media":"","overlay-type":"","overlay-color":"","overlay-opacity":"","overlay-gradient":""},"tablet":{"background-color":"var(--ast-global-color-4)","background-image":"","background-repeat":"repeat","background-position":"center center","background-size":"auto","background-attachment":"scroll","background-type":"","background-media":"","overlay-type":"","overlay-color":"","overlay-opacity":"","overlay-gradient":""},"mobile":{"background-color":"var(--ast-global-color-4)","background-image":"","background-repeat":"repeat","background-position":"center center","background-size":"auto","background-attachment":"scroll","background-type":"","background-media":"","overlay-type":"","overlay-color":"","overlay-opacity":"","overlay-gradient":""}},"footnotes":""},"class_list":["post-5133","page","type-page","status-publish","hentry"],"_links":{"self":[{"href":"https:\/\/castellsantmori.com\/ca\/wp-json\/wp\/v2\/pages\/5133","targetHints":{"allow":["GET"]}}],"collection":[{"href":"https:\/\/castellsantmori.com\/ca\/wp-json\/wp\/v2\/pages"}],"about":[{"href":"https:\/\/castellsantmori.com\/ca\/wp-json\/wp\/v2\/types\/page"}],"author":[{"embeddable":true,"href":"https:\/\/castellsantmori.com\/ca\/wp-json\/wp\/v2\/users\/1"}],"replies":[{"embeddable":true,"href":"https:\/\/castellsantmori.com\/ca\/wp-json\/wp\/v2\/comments?post=5133"}],"version-history":[{"count":1,"href":"https:\/\/castellsantmori.com\/ca\/wp-json\/wp\/v2\/pages\/5133\/revisions"}],"predecessor-version":[{"id":5134,"href":"https:\/\/castellsantmori.com\/ca\/wp-json\/wp\/v2\/pages\/5133\/revisions\/5134"}],"wp:attachment":[{"href":"https:\/\/castellsantmori.com\/ca\/wp-json\/wp\/v2\/media?parent=5133"}],"curies":[{"name":"wp","href":"https:\/\/api.w.org\/{rel}","templated":true}]}}